{"id":11684,"date":"2024-03-08T16:36:16","date_gmt":"2024-03-08T15:36:16","guid":{"rendered":"http:\/\/acpc.com.co\/?post_type=product&#038;p=11684"},"modified":"2024-03-18T21:23:11","modified_gmt":"2024-03-18T20:23:11","slug":"estandar-con-publicacion-en-springer","status":"publish","type":"product","link":"https:\/\/acpc.com.co\/index.php\/product\/estandar-con-publicacion-en-springer\/","title":{"rendered":"Est\u00e1ndar con publicaci\u00f3n en Springer"},"content":{"rendered":"<p>Cuando se exceda el n\u00famero m\u00e1ximo de p\u00e1ginas del art\u00edculo<\/p>\n","protected":false},"excerpt":{"rendered":"<p>Cuando se exceda el n\u00famero m\u00e1ximo de p\u00e1ginas del art\u00edculo<\/p>\n","protected":false},"featured_media":11675,"template":"","meta":{"inline_featured_image":false},"product_cat":[21],"product_tag":[],"acf":[],"_links":{"self":[{"href":"https:\/\/acpc.com.co\/index.php\/wp-json\/wp\/v2\/product\/11684"}],"collection":[{"href":"https:\/\/acpc.com.co\/index.php\/wp-json\/wp\/v2\/product"}],"about":[{"href":"https:\/\/acpc.com.co\/index.php\/wp-json\/wp\/v2\/types\/product"}],"wp:featuredmedia":[{"embeddable":true,"href":"https:\/\/acpc.com.co\/index.php\/wp-json\/wp\/v2\/media\/11675"}],"wp:attachment":[{"href":"https:\/\/acpc.com.co\/index.php\/wp-json\/wp\/v2\/media?parent=11684"}],"wp:term":[{"taxonomy":"product_cat","embeddable":true,"href":"https:\/\/acpc.com.co\/index.php\/wp-json\/wp\/v2\/product_cat?post=11684"},{"taxonomy":"product_tag","embeddable":true,"href":"https:\/\/acpc.com.co\/index.php\/wp-json\/wp\/v2\/product_tag?post=11684"}],"curies":[{"name":"wp","href":"https:\/\/api.w.org\/{rel}","templated":true}]}}