{"id":11686,"date":"2024-03-08T16:38:53","date_gmt":"2024-03-08T15:38:53","guid":{"rendered":"http:\/\/acpc.com.co\/?post_type=product&#038;p=11686"},"modified":"2024-03-18T21:28:45","modified_gmt":"2024-03-18T20:28:45","slug":"estandar-con-publicacion-en-tirant-lo-blanch","status":"publish","type":"product","link":"https:\/\/acpc.com.co\/index.php\/product\/estandar-con-publicacion-en-tirant-lo-blanch\/","title":{"rendered":"Est\u00e1ndar con publicaci\u00f3n en Tirant lo Blanch"},"content":{"rendered":"<p>Est\u00e1ndar con publicaci\u00f3n en Tirant lo Blanch<\/p>\n","protected":false},"excerpt":{"rendered":"<p>Est\u00e1ndar con publicaci\u00f3n en Tirant lo Blanch<\/p>\n","protected":false},"featured_media":11675,"template":"","meta":{"inline_featured_image":false},"product_cat":[21],"product_tag":[],"acf":[],"_links":{"self":[{"href":"https:\/\/acpc.com.co\/index.php\/wp-json\/wp\/v2\/product\/11686"}],"collection":[{"href":"https:\/\/acpc.com.co\/index.php\/wp-json\/wp\/v2\/product"}],"about":[{"href":"https:\/\/acpc.com.co\/index.php\/wp-json\/wp\/v2\/types\/product"}],"wp:featuredmedia":[{"embeddable":true,"href":"https:\/\/acpc.com.co\/index.php\/wp-json\/wp\/v2\/media\/11675"}],"wp:attachment":[{"href":"https:\/\/acpc.com.co\/index.php\/wp-json\/wp\/v2\/media?parent=11686"}],"wp:term":[{"taxonomy":"product_cat","embeddable":true,"href":"https:\/\/acpc.com.co\/index.php\/wp-json\/wp\/v2\/product_cat?post=11686"},{"taxonomy":"product_tag","embeddable":true,"href":"https:\/\/acpc.com.co\/index.php\/wp-json\/wp\/v2\/product_tag?post=11686"}],"curies":[{"name":"wp","href":"https:\/\/api.w.org\/{rel}","templated":true}]}}