{"id":11688,"date":"2024-03-08T16:39:59","date_gmt":"2024-03-08T15:39:59","guid":{"rendered":"http:\/\/acpc.com.co\/?post_type=product&#038;p=11688"},"modified":"2024-03-08T17:21:19","modified_gmt":"2024-03-08T16:21:19","slug":"miembro-de-comite-cientifico-o-xescom-con-publicacion-en-atlantis-press","status":"publish","type":"product","link":"https:\/\/acpc.com.co\/index.php\/product\/miembro-de-comite-cientifico-o-xescom-con-publicacion-en-atlantis-press\/","title":{"rendered":"Miembro de Comit\u00e9 Cient\u00edfico o XESCOM con publicaci\u00f3n en Atlantis Press"},"content":{"rendered":"","protected":false},"excerpt":{"rendered":"","protected":false},"featured_media":11675,"template":"","meta":{"inline_featured_image":false},"product_cat":[21],"product_tag":[],"acf":[],"_links":{"self":[{"href":"https:\/\/acpc.com.co\/index.php\/wp-json\/wp\/v2\/product\/11688"}],"collection":[{"href":"https:\/\/acpc.com.co\/index.php\/wp-json\/wp\/v2\/product"}],"about":[{"href":"https:\/\/acpc.com.co\/index.php\/wp-json\/wp\/v2\/types\/product"}],"wp:featuredmedia":[{"embeddable":true,"href":"https:\/\/acpc.com.co\/index.php\/wp-json\/wp\/v2\/media\/11675"}],"wp:attachment":[{"href":"https:\/\/acpc.com.co\/index.php\/wp-json\/wp\/v2\/media?parent=11688"}],"wp:term":[{"taxonomy":"product_cat","embeddable":true,"href":"https:\/\/acpc.com.co\/index.php\/wp-json\/wp\/v2\/product_cat?post=11688"},{"taxonomy":"product_tag","embeddable":true,"href":"https:\/\/acpc.com.co\/index.php\/wp-json\/wp\/v2\/product_tag?post=11688"}],"curies":[{"name":"wp","href":"https:\/\/api.w.org\/{rel}","templated":true}]}}