{"id":11689,"date":"2024-03-08T16:40:40","date_gmt":"2024-03-08T15:40:40","guid":{"rendered":"http:\/\/acpc.com.co\/?post_type=product&#038;p=11689"},"modified":"2024-03-08T17:20:59","modified_gmt":"2024-03-08T16:20:59","slug":"miembro-de-comite-cientifico-de-xescom-con-publicacion-en-springer","status":"publish","type":"product","link":"https:\/\/acpc.com.co\/index.php\/product\/miembro-de-comite-cientifico-de-xescom-con-publicacion-en-springer\/","title":{"rendered":"Miembro de Comit\u00e9 Cient\u00edfico de XESCOM con publicaci\u00f3n en Springer"},"content":{"rendered":"","protected":false},"excerpt":{"rendered":"","protected":false},"featured_media":11675,"template":"","meta":{"inline_featured_image":false},"product_cat":[21],"product_tag":[],"acf":[],"_links":{"self":[{"href":"https:\/\/acpc.com.co\/index.php\/wp-json\/wp\/v2\/product\/11689"}],"collection":[{"href":"https:\/\/acpc.com.co\/index.php\/wp-json\/wp\/v2\/product"}],"about":[{"href":"https:\/\/acpc.com.co\/index.php\/wp-json\/wp\/v2\/types\/product"}],"wp:featuredmedia":[{"embeddable":true,"href":"https:\/\/acpc.com.co\/index.php\/wp-json\/wp\/v2\/media\/11675"}],"wp:attachment":[{"href":"https:\/\/acpc.com.co\/index.php\/wp-json\/wp\/v2\/media?parent=11689"}],"wp:term":[{"taxonomy":"product_cat","embeddable":true,"href":"https:\/\/acpc.com.co\/index.php\/wp-json\/wp\/v2\/product_cat?post=11689"},{"taxonomy":"product_tag","embeddable":true,"href":"https:\/\/acpc.com.co\/index.php\/wp-json\/wp\/v2\/product_tag?post=11689"}],"curies":[{"name":"wp","href":"https:\/\/api.w.org\/{rel}","templated":true}]}}