{"id":11690,"date":"2024-03-08T16:41:13","date_gmt":"2024-03-08T15:41:13","guid":{"rendered":"http:\/\/acpc.com.co\/?post_type=product&#038;p=11690"},"modified":"2024-03-08T17:20:37","modified_gmt":"2024-03-08T16:20:37","slug":"miembro-de-comite-cientifico-de-xescom-con-publicacion-en-tirant-lo-blanch","status":"publish","type":"product","link":"https:\/\/acpc.com.co\/index.php\/product\/miembro-de-comite-cientifico-de-xescom-con-publicacion-en-tirant-lo-blanch\/","title":{"rendered":"Miembro de Comit\u00e9 Cient\u00edfico de XESCOM con publicaci\u00f3n en Tirant Lo Blanch"},"content":{"rendered":"","protected":false},"excerpt":{"rendered":"","protected":false},"featured_media":11675,"template":"","meta":{"inline_featured_image":false},"product_cat":[21],"product_tag":[],"acf":[],"_links":{"self":[{"href":"https:\/\/acpc.com.co\/index.php\/wp-json\/wp\/v2\/product\/11690"}],"collection":[{"href":"https:\/\/acpc.com.co\/index.php\/wp-json\/wp\/v2\/product"}],"about":[{"href":"https:\/\/acpc.com.co\/index.php\/wp-json\/wp\/v2\/types\/product"}],"wp:featuredmedia":[{"embeddable":true,"href":"https:\/\/acpc.com.co\/index.php\/wp-json\/wp\/v2\/media\/11675"}],"wp:attachment":[{"href":"https:\/\/acpc.com.co\/index.php\/wp-json\/wp\/v2\/media?parent=11690"}],"wp:term":[{"taxonomy":"product_cat","embeddable":true,"href":"https:\/\/acpc.com.co\/index.php\/wp-json\/wp\/v2\/product_cat?post=11690"},{"taxonomy":"product_tag","embeddable":true,"href":"https:\/\/acpc.com.co\/index.php\/wp-json\/wp\/v2\/product_tag?post=11690"}],"curies":[{"name":"wp","href":"https:\/\/api.w.org\/{rel}","templated":true}]}}